{"id":1746,"date":"2023-10-27T14:04:52","date_gmt":"2023-10-27T14:04:52","guid":{"rendered":"https:\/\/www.beleristorante.com\/?page_id=1746"},"modified":"2026-05-10T12:36:34","modified_gmt":"2026-05-10T12:36:34","slug":"reservations","status":"publish","type":"page","link":"https:\/\/www.beleristorante.com\/en\/prenotazioni\/","title":{"rendered":"Reservations"},"content":{"rendered":"<div class=\"fusion-fullwidth fullwidth-box fusion-builder-row-1 fusion-flex-container has-pattern-background has-mask-background nonhundred-percent-fullwidth non-hundred-percent-height-scrolling\" style=\"--awb-border-radius-top-left:0px;--awb-border-radius-top-right:0px;--awb-border-radius-bottom-right:0px;--awb-border-radius-bottom-left:0px;--awb-padding-top:4%;--awb-padding-bottom:4%;--awb-margin-top:0px;--awb-margin-bottom:0px;--awb-background-color:#eeeeee;--awb-flex-wrap:wrap;\" ><div class=\"fusion-builder-row fusion-row fusion-flex-align-items-flex-start fusion-flex-content-wrap\" style=\"max-width:1185.6px;margin-left: calc(-4% \/ 2 );margin-right: calc(-4% \/ 2 );\"><div class=\"fusion-layout-column fusion_builder_column fusion-builder-column-0 fusion_builder_column_1_2 1_2 fusion-flex-column\" style=\"--awb-bg-size:cover;--awb-width-large:50%;--awb-margin-top-large:20px;--awb-spacing-right-large:0%;--awb-margin-bottom-large:0px;--awb-spacing-left-large:0%;--awb-width-medium:100%;--awb-order-medium:0;--awb-spacing-right-medium:1.92%;--awb-spacing-left-medium:1.92%;--awb-width-small:100%;--awb-order-small:0;--awb-spacing-right-small:1.92%;--awb-spacing-left-small:1.92%;\" data-scroll-devices=\"small-visibility,medium-visibility,large-visibility\"><div class=\"fusion-column-wrapper fusion-column-has-shadow fusion-flex-justify-content-flex-start fusion-content-layout-column\"><div class=\"fusion-title title fusion-title-1 fusion-sep-none fusion-title-center fusion-title-text fusion-title-size-two\" style=\"--awb-text-color:#701e3e;--awb-margin-top:0px;--awb-margin-bottom:30px;--awb-margin-top-small:30px;--awb-margin-right-small:0px;--awb-margin-bottom-small:20px;--awb-margin-left-small:0px;--awb-font-size:35px;\"><h2 class=\"fusion-title-heading title-heading-center fusion-responsive-typography-calculated\" style=\"font-family:&quot;Prata&quot;;font-style:normal;font-weight:400;margin:0;font-size:1em;--fontSize:35;line-height:var(--awb-typography1-line-height);\"><h1 style=\"text-align: center;\">BOOK YOUR TABLE<\/h1><\/h2><\/div><div class=\"fusion-text fusion-text-1\" style=\"--awb-content-alignment:center;--awb-text-font-family:&quot;Lato&quot;;--awb-text-font-style:normal;--awb-text-font-weight:400;\"><p>Make your reservation indicating the date and time, number of people, your contact details and any special needs. Your reservation will be confirmed via email as soon as possible, or you will be called back directly by the restaurant.<\/p>\n<h3>BOOKING CONDITIONS:<\/h3>\n<p>To satisfy every request and guarantee everyone a pleasant experience, time at the table is guaranteed for a maximum of 120 minutes.<br \/>\nIf you have special needs regarding the duration of the booking, please let us know in advance.<br \/>\nWe respectfully ask that you are ready to respect the booking time and we trust in your punctuality.<br \/>\nIn case of delay we ask you to contact the restaurant promptly.<br \/>\nThe reservation remains valid with a tolerance of up to 15 minutes after the scheduled time.<br \/>\nFor delays exceeding 15 minutes the reservation will no longer be guaranteed.<\/p>\n<p>Thanks for your collaboration!<\/p>\n<p>For information: <a href=\"tel:+390236642933\"><strong>+39 02 3664 2933<\/strong><\/a><br \/>\nIf you find voicemail, leave a message with your phone number and we will call you back as soon as possible.<\/p>\n<\/div><\/div><\/div><\/div><\/div>","protected":false},"excerpt":{"rendered":"","protected":false},"author":2,"featured_media":0,"parent":0,"menu_order":0,"comment_status":"closed","ping_status":"closed","template":"100-width.php","meta":{"footnotes":""},"class_list":["post-1746","page","type-page","status-publish","hentry"],"yoast_head":"<!-- This site is optimized with the Yoast SEO plugin v27.5 - https:\/\/yoast.com\/product\/yoast-seo-wordpress\/ -->\n<title>Prenota un tavolo \u2014 Ristorante Bel\u00e9 Navigli Milano<\/title>\n<meta name=\"description\" content=\"Prenota il tuo tavolo al Ristorante Bel\u00e9 ai Navigli di Milano. Aperti da Marted\u00ec a Domenica a cena, sabato e domenica anche a pranzo.\" \/>\n<meta name=\"robots\" content=\"index, follow, max-snippet:-1, max-image-preview:large, max-video-preview:-1\" \/>\n<link rel=\"canonical\" href=\"https:\/\/www.beleristorante.com\/en\/reservations\/\" \/>\n<meta property=\"og:locale\" content=\"en_GB\" \/>\n<meta property=\"og:type\" content=\"article\" \/>\n<meta property=\"og:title\" content=\"Prenota un tavolo \u2014 Ristorante Bel\u00e9 Navigli Milano\" \/>\n<meta property=\"og:description\" content=\"Prenota il tuo tavolo al Ristorante Bel\u00e9 ai Navigli di Milano. Aperti da Marted\u00ec a Domenica a cena, sabato e domenica anche a pranzo.\" \/>\n<meta property=\"og:url\" content=\"https:\/\/www.beleristorante.com\/en\/reservations\/\" \/>\n<meta property=\"og:site_name\" content=\"Ristorante Bel\u00e9 Navigli\" \/>\n<meta property=\"article:publisher\" content=\"https:\/\/www.facebook.com\/beleristorante\" \/>\n<meta property=\"article:modified_time\" content=\"2026-05-10T12:36:34+00:00\" \/>\n<meta property=\"og:image\" content=\"https:\/\/www.beleristorante.com\/wp-content\/uploads\/2023\/11\/bele-1200x675-1.webp\" \/>\n\t<meta property=\"og:image:width\" content=\"1200\" \/>\n\t<meta property=\"og:image:height\" content=\"675\" \/>\n\t<meta property=\"og:image:type\" content=\"image\/webp\" \/>\n<meta name=\"twitter:card\" content=\"summary_large_image\" \/>\n<meta name=\"twitter:label1\" content=\"Estimated reading time\" \/>\n\t<meta name=\"twitter:data1\" content=\"1 minute\" \/>\n<!-- \/ Yoast SEO plugin. -->","yoast_head_json":{"title":"Book a Table \u2014 Bel\u00e9 Navigli Restaurant, Milan","description":"Book your table at Bel\u00e9 Restaurant in Milan&#039;s Navigli district. Open Tuesday through Sunday for dinner, and Saturday and Sunday for lunch.","robots":{"index":"index","follow":"follow","max-snippet":"max-snippet:-1","max-image-preview":"max-image-preview:large","max-video-preview":"max-video-preview:-1"},"canonical":"https:\/\/www.beleristorante.com\/en\/reservations\/","og_locale":"en_GB","og_type":"article","og_title":"Prenota un tavolo \u2014 Ristorante Bel\u00e9 Navigli Milano","og_description":"Prenota il tuo tavolo al Ristorante Bel\u00e9 ai Navigli di Milano. Aperti da Marted\u00ec a Domenica a cena, sabato e domenica anche a pranzo.","og_url":"https:\/\/www.beleristorante.com\/en\/reservations\/","og_site_name":"Ristorante Bel\u00e9 Navigli","article_publisher":"https:\/\/www.facebook.com\/beleristorante","article_modified_time":"2026-05-10T12:36:34+00:00","og_image":[{"width":1200,"height":675,"url":"https:\/\/www.beleristorante.com\/wp-content\/uploads\/2023\/11\/bele-1200x675-1.webp","type":"image\/webp"}],"twitter_card":"summary_large_image","twitter_misc":{"Estimated reading time":"1 minute"},"schema":{"@context":"https:\/\/schema.org","@graph":[{"@type":"WebPage","@id":"https:\/\/www.beleristorante.com\/prenotazioni\/","url":"https:\/\/www.beleristorante.com\/prenotazioni\/","name":"Book a Table \u2014 Bel\u00e9 Navigli Restaurant, Milan","isPartOf":{"@id":"https:\/\/www.beleristorante.com\/#website"},"datePublished":"2023-10-27T14:04:52+00:00","dateModified":"2026-05-10T12:36:34+00:00","description":"Book your table at Bel\u00e9 Restaurant in Milan&#039;s Navigli district. Open Tuesday through Sunday for dinner, and Saturday and Sunday for lunch.","breadcrumb":{"@id":"https:\/\/www.beleristorante.com\/prenotazioni\/#breadcrumb"},"inLanguage":"en-GB","potentialAction":[{"@type":"ReadAction","target":["https:\/\/www.beleristorante.com\/prenotazioni\/"]}]},{"@type":"BreadcrumbList","@id":"https:\/\/www.beleristorante.com\/prenotazioni\/#breadcrumb","itemListElement":[{"@type":"ListItem","position":1,"name":"Home","item":"https:\/\/www.beleristorante.com\/"},{"@type":"ListItem","position":2,"name":"Prenotazioni"}]},{"@type":"WebSite","@id":"https:\/\/www.beleristorante.com\/#website","url":"https:\/\/www.beleristorante.com\/","name":"Bel\u00e9 Navigli restaurant","description":"Bel\u00e9 Navigli restaurant, Milan","publisher":{"@id":"https:\/\/www.beleristorante.com\/#organization"},"potentialAction":[{"@type":"SearchAction","target":{"@type":"EntryPoint","urlTemplate":"https:\/\/www.beleristorante.com\/?s={search_term_string}"},"query-input":{"@type":"PropertyValueSpecification","valueRequired":true,"valueName":"search_term_string"}}],"inLanguage":"en-GB"},{"@type":"Organization","@id":"https:\/\/www.beleristorante.com\/#organization","name":"Bel\u00e9 restaurant","url":"https:\/\/www.beleristorante.com\/","logo":{"@type":"ImageObject","inLanguage":"en-GB","@id":"https:\/\/www.beleristorante.com\/#\/schema\/logo\/image\/","url":"https:\/\/www.beleristorante.com\/wp-content\/uploads\/2023\/10\/bele_favicon_black.webp","contentUrl":"https:\/\/www.beleristorante.com\/wp-content\/uploads\/2023\/10\/bele_favicon_black.webp","width":512,"height":512,"caption":"Ristorante Bel\u00e9"},"image":{"@id":"https:\/\/www.beleristorante.com\/#\/schema\/logo\/image\/"},"sameAs":["https:\/\/www.facebook.com\/beleristorante","https:\/\/www.instagram.com\/beleristorante"]}]}},"_links":{"self":[{"href":"https:\/\/www.beleristorante.com\/en\/wp-json\/wp\/v2\/pages\/1746","targetHints":{"allow":["GET"]}}],"collection":[{"href":"https:\/\/www.beleristorante.com\/en\/wp-json\/wp\/v2\/pages"}],"about":[{"href":"https:\/\/www.beleristorante.com\/en\/wp-json\/wp\/v2\/types\/page"}],"author":[{"embeddable":true,"href":"https:\/\/www.beleristorante.com\/en\/wp-json\/wp\/v2\/users\/2"}],"replies":[{"embeddable":true,"href":"https:\/\/www.beleristorante.com\/en\/wp-json\/wp\/v2\/comments?post=1746"}],"version-history":[{"count":12,"href":"https:\/\/www.beleristorante.com\/en\/wp-json\/wp\/v2\/pages\/1746\/revisions"}],"predecessor-version":[{"id":3494,"href":"https:\/\/www.beleristorante.com\/en\/wp-json\/wp\/v2\/pages\/1746\/revisions\/3494"}],"wp:attachment":[{"href":"https:\/\/www.beleristorante.com\/en\/wp-json\/wp\/v2\/media?parent=1746"}],"curies":[{"name":"wp","href":"https:\/\/api.w.org\/{rel}","templated":true}]}}