{"id":1746,"date":"2023-10-27T14:04:52","date_gmt":"2023-10-27T14:04:52","guid":{"rendered":"https:\/\/www.beleristorante.com\/?page_id=1746"},"modified":"2023-11-23T18:47:12","modified_gmt":"2023-11-23T18:47:12","slug":"reservations","status":"publish","type":"page","link":"https:\/\/www.beleristorante.com\/fr\/prenotazioni\/","title":{"rendered":"R\u00e9servations"},"content":{"rendered":"<div class=\"fusion-fullwidth fullwidth-box fusion-builder-row-1 fusion-flex-container has-pattern-background has-mask-background nonhundred-percent-fullwidth non-hundred-percent-height-scrolling\" style=\"--awb-border-radius-top-left:0px;--awb-border-radius-top-right:0px;--awb-border-radius-bottom-right:0px;--awb-border-radius-bottom-left:0px;--awb-padding-top:4%;--awb-padding-bottom:4%;--awb-margin-top:0px;--awb-margin-bottom:0px;--awb-background-color:#eeeeee;--awb-flex-wrap:wrap;\" ><div class=\"fusion-builder-row fusion-row fusion-flex-align-items-flex-start fusion-flex-content-wrap\" style=\"max-width:1185.6px;margin-left: calc(-4% \/ 2 );margin-right: calc(-4% \/ 2 );\"><div class=\"fusion-layout-column fusion_builder_column fusion-builder-column-0 fusion_builder_column_1_2 1_2 fusion-flex-column\" style=\"--awb-bg-size:cover;--awb-width-large:50%;--awb-margin-top-large:20px;--awb-spacing-right-large:0%;--awb-margin-bottom-large:0px;--awb-spacing-left-large:0%;--awb-width-medium:100%;--awb-order-medium:0;--awb-spacing-right-medium:1.92%;--awb-spacing-left-medium:1.92%;--awb-width-small:100%;--awb-order-small:0;--awb-spacing-right-small:1.92%;--awb-spacing-left-small:1.92%;\" data-scroll-devices=\"small-visibility,medium-visibility,large-visibility\"><div class=\"fusion-column-wrapper fusion-column-has-shadow fusion-flex-justify-content-flex-start fusion-content-layout-column\"><div class=\"fusion-title title fusion-title-1 fusion-sep-none fusion-title-center fusion-title-text fusion-title-size-two\" style=\"--awb-text-color:#701e3e;--awb-margin-top:0px;--awb-margin-bottom:30px;--awb-margin-top-small:30px;--awb-margin-right-small:0px;--awb-margin-bottom-small:20px;--awb-margin-left-small:0px;--awb-font-size:35px;\"><h2 class=\"fusion-title-heading title-heading-center fusion-responsive-typography-calculated\" style=\"font-family:&quot;Prata&quot;;font-style:normal;font-weight:400;margin:0;font-size:1em;--fontSize:35;line-height:var(--awb-typography1-line-height);\"><h1 style=\"text-align: center;\">R\u00c9SERVEZ VOTRE TABLE<\/h1><\/h2><\/div><div class=\"fusion-text fusion-text-1\" style=\"--awb-content-alignment:center;--awb-text-font-family:&quot;Lato&quot;;--awb-text-font-style:normal;--awb-text-font-weight:400;\"><p>Faites votre r\u00e9servation en indiquant la date et l&#039;heure, le nombre de personnes, vos coordonn\u00e9es et \u00e9ventuellement vos besoins particuliers. Votre r\u00e9servation sera confirm\u00e9e par email dans les plus brefs d\u00e9lais, ou vous serez rappel\u00e9 directement par le restaurant.<\/p>\n<h3>CONDITIONS DE R\u00c9SERVATION :<\/h3>\n<p>Pour satisfaire toutes les demandes et garantir \u00e0 chacun une exp\u00e9rience agr\u00e9able, le temps \u00e0 table est garanti pour un maximum de 120 minutes.<br \/>\nSi vous avez des besoins particuliers concernant la dur\u00e9e de la r\u00e9servation, veuillez nous en informer \u00e0 l&#039;avance.<br \/>\nNous vous invitons \u00e0 respecter l&#039;heure de r\u00e9servation et nous avons confiance en votre ponctualit\u00e9.<br \/>\nEn cas de retard nous vous demandons de contacter le restaurant dans les plus brefs d\u00e9lais.<br \/>\nLa r\u00e9servation reste valable avec une tol\u00e9rance allant jusqu&#039;\u00e0 15 minutes apr\u00e8s l&#039;heure pr\u00e9vue.<br \/>\nPour un retard sup\u00e9rieur \u00e0 15 minutes, la r\u00e9servation ne sera plus garantie.<\/p>\n<p>Merci pour votre coop\u00e9ration !<\/p>\n<p>Pour information: <a href=\"\/fr\/t\u00e9l:+390236642933\/\"><strong> +39 0236642933<\/strong><\/a><br \/>\nSi vous trouvez une messagerie vocale, laissez un message avec votre num\u00e9ro de t\u00e9l\u00e9phone et nous vous rappellerons dans les plus brefs d\u00e9lais.<\/p>\n<\/div><\/div><\/div><\/div><\/div>","protected":false},"excerpt":{"rendered":"","protected":false},"author":2,"featured_media":0,"parent":0,"menu_order":0,"comment_status":"closed","ping_status":"closed","template":"100-width.php","meta":{"footnotes":""},"class_list":["post-1746","page","type-page","status-publish","hentry"],"yoast_head":"<!-- This site is optimized with the Yoast SEO plugin v27.1.1 - https:\/\/yoast.com\/product\/yoast-seo-wordpress\/ -->\n<title>Prenotazioni - Ristorante Bel\u00e9 Navigli<\/title>\n<meta name=\"description\" content=\"Effettua una prenotazione compilando la nostra form. Riceverai una mail di conferma nel pi\u00f9 breve tempo possibile.\" \/>\n<meta name=\"robots\" content=\"index, follow, max-snippet:-1, max-image-preview:large, max-video-preview:-1\" \/>\n<link rel=\"canonical\" href=\"https:\/\/www.beleristorante.com\/fr\/reservations\/\" \/>\n<meta property=\"og:locale\" content=\"fr_FR\" \/>\n<meta property=\"og:type\" content=\"article\" \/>\n<meta property=\"og:title\" content=\"Prenotazioni - Ristorante Bel\u00e9 Navigli\" \/>\n<meta property=\"og:description\" content=\"Effettua una prenotazione compilando la nostra form. Riceverai una mail di conferma nel pi\u00f9 breve tempo possibile.\" \/>\n<meta property=\"og:url\" content=\"https:\/\/www.beleristorante.com\/fr\/reservations\/\" \/>\n<meta property=\"og:site_name\" content=\"Ristorante Bel\u00e9 Navigli\" \/>\n<meta property=\"article:publisher\" content=\"https:\/\/www.facebook.com\/beleristorante\" \/>\n<meta property=\"article:modified_time\" content=\"2023-11-23T18:47:12+00:00\" \/>\n<meta property=\"og:image\" content=\"https:\/\/www.beleristorante.com\/wp-content\/uploads\/2023\/11\/bele-1200x675-1.webp\" \/>\n\t<meta property=\"og:image:width\" content=\"1200\" \/>\n\t<meta property=\"og:image:height\" content=\"675\" \/>\n\t<meta property=\"og:image:type\" content=\"image\/webp\" \/>\n<meta name=\"twitter:card\" content=\"summary_large_image\" \/>\n<meta name=\"twitter:label1\" content=\"Dur\u00e9e de lecture estim\u00e9e\" \/>\n\t<meta name=\"twitter:data1\" content=\"2 minutes\" \/>\n<script type=\"application\/ld+json\" class=\"yoast-schema-graph\">{\"@context\":\"https:\/\/schema.org\",\"@graph\":[{\"@type\":\"WebPage\",\"@id\":\"https:\/\/www.beleristorante.com\/prenotazioni\/\",\"url\":\"https:\/\/www.beleristorante.com\/prenotazioni\/\",\"name\":\"Prenotazioni - Ristorante Bel\u00e9 Navigli\",\"isPartOf\":{\"@id\":\"https:\/\/www.beleristorante.com\/#website\"},\"datePublished\":\"2023-10-27T14:04:52+00:00\",\"dateModified\":\"2023-11-23T18:47:12+00:00\",\"description\":\"Effettua una prenotazione compilando la nostra form. Riceverai una mail di conferma nel pi\u00f9 breve tempo possibile.\",\"breadcrumb\":{\"@id\":\"https:\/\/www.beleristorante.com\/prenotazioni\/#breadcrumb\"},\"inLanguage\":\"fr-FR\",\"potentialAction\":[{\"@type\":\"ReadAction\",\"target\":[\"https:\/\/www.beleristorante.com\/prenotazioni\/\"]}]},{\"@type\":\"BreadcrumbList\",\"@id\":\"https:\/\/www.beleristorante.com\/prenotazioni\/#breadcrumb\",\"itemListElement\":[{\"@type\":\"ListItem\",\"position\":1,\"name\":\"Home\",\"item\":\"https:\/\/www.beleristorante.com\/\"},{\"@type\":\"ListItem\",\"position\":2,\"name\":\"Prenotazioni\"}]},{\"@type\":\"WebSite\",\"@id\":\"https:\/\/www.beleristorante.com\/#website\",\"url\":\"https:\/\/www.beleristorante.com\/\",\"name\":\"Ristorante Bel\u00e9 Navigli\",\"description\":\"Ristorante Bel\u00e9 Navigli, Milano\",\"publisher\":{\"@id\":\"https:\/\/www.beleristorante.com\/#organization\"},\"potentialAction\":[{\"@type\":\"SearchAction\",\"target\":{\"@type\":\"EntryPoint\",\"urlTemplate\":\"https:\/\/www.beleristorante.com\/?s={search_term_string}\"},\"query-input\":{\"@type\":\"PropertyValueSpecification\",\"valueRequired\":true,\"valueName\":\"search_term_string\"}}],\"inLanguage\":\"fr-FR\"},{\"@type\":\"Organization\",\"@id\":\"https:\/\/www.beleristorante.com\/#organization\",\"name\":\"Ristorante Bel\u00e9\",\"url\":\"https:\/\/www.beleristorante.com\/\",\"logo\":{\"@type\":\"ImageObject\",\"inLanguage\":\"fr-FR\",\"@id\":\"https:\/\/www.beleristorante.com\/#\/schema\/logo\/image\/\",\"url\":\"https:\/\/www.beleristorante.com\/wp-content\/uploads\/2023\/10\/bele_favicon_black.webp\",\"contentUrl\":\"https:\/\/www.beleristorante.com\/wp-content\/uploads\/2023\/10\/bele_favicon_black.webp\",\"width\":512,\"height\":512,\"caption\":\"Ristorante Bel\u00e9\"},\"image\":{\"@id\":\"https:\/\/www.beleristorante.com\/#\/schema\/logo\/image\/\"},\"sameAs\":[\"https:\/\/www.facebook.com\/beleristorante\",\"https:\/\/www.instagram.com\/beleristorante\"]}]}<\/script>\n<!-- \/ Yoast SEO plugin. -->","yoast_head_json":{"title":"R\u00e9servations - Restaurant Bel\u00e9 Navigli","description":"Faites une r\u00e9servation en remplissant notre formulaire. Vous recevrez un email de confirmation dans les plus brefs d\u00e9lais.","robots":{"index":"index","follow":"follow","max-snippet":"max-snippet:-1","max-image-preview":"max-image-preview:large","max-video-preview":"max-video-preview:-1"},"canonical":"https:\/\/www.beleristorante.com\/fr\/reservations\/","og_locale":"fr_FR","og_type":"article","og_title":"Prenotazioni - Ristorante Bel\u00e9 Navigli","og_description":"Effettua una prenotazione compilando la nostra form. Riceverai una mail di conferma nel pi\u00f9 breve tempo possibile.","og_url":"https:\/\/www.beleristorante.com\/fr\/reservations\/","og_site_name":"Ristorante Bel\u00e9 Navigli","article_publisher":"https:\/\/www.facebook.com\/beleristorante","article_modified_time":"2023-11-23T18:47:12+00:00","og_image":[{"width":1200,"height":675,"url":"https:\/\/www.beleristorante.com\/wp-content\/uploads\/2023\/11\/bele-1200x675-1.webp","type":"image\/webp"}],"twitter_card":"summary_large_image","twitter_misc":{"Dur\u00e9e de lecture estim\u00e9e":"2 minutes"},"schema":{"@context":"https:\/\/schema.org","@graph":[{"@type":"WebPage","@id":"https:\/\/www.beleristorante.com\/prenotazioni\/","url":"https:\/\/www.beleristorante.com\/prenotazioni\/","name":"R\u00e9servations - Restaurant Bel\u00e9 Navigli","isPartOf":{"@id":"https:\/\/www.beleristorante.com\/#website"},"datePublished":"2023-10-27T14:04:52+00:00","dateModified":"2023-11-23T18:47:12+00:00","description":"Faites une r\u00e9servation en remplissant notre formulaire. Vous recevrez un email de confirmation dans les plus brefs d\u00e9lais.","breadcrumb":{"@id":"https:\/\/www.beleristorante.com\/prenotazioni\/#breadcrumb"},"inLanguage":"fr-FR","potentialAction":[{"@type":"ReadAction","target":["https:\/\/www.beleristorante.com\/prenotazioni\/"]}]},{"@type":"BreadcrumbList","@id":"https:\/\/www.beleristorante.com\/prenotazioni\/#breadcrumb","itemListElement":[{"@type":"ListItem","position":1,"name":"Home","item":"https:\/\/www.beleristorante.com\/"},{"@type":"ListItem","position":2,"name":"Prenotazioni"}]},{"@type":"WebSite","@id":"https:\/\/www.beleristorante.com\/#website","url":"https:\/\/www.beleristorante.com\/","name":"Restaurant Bel\u00e9 Navigli","description":"Restaurant Bel\u00e9 Navigli, Milan","publisher":{"@id":"https:\/\/www.beleristorante.com\/#organization"},"potentialAction":[{"@type":"SearchAction","target":{"@type":"EntryPoint","urlTemplate":"https:\/\/www.beleristorante.com\/?s={search_term_string}"},"query-input":{"@type":"PropertyValueSpecification","valueRequired":true,"valueName":"search_term_string"}}],"inLanguage":"fr-FR"},{"@type":"Organization","@id":"https:\/\/www.beleristorante.com\/#organization","name":"Restaurant Bel\u00e9","url":"https:\/\/www.beleristorante.com\/","logo":{"@type":"ImageObject","inLanguage":"fr-FR","@id":"https:\/\/www.beleristorante.com\/#\/schema\/logo\/image\/","url":"https:\/\/www.beleristorante.com\/wp-content\/uploads\/2023\/10\/bele_favicon_black.webp","contentUrl":"https:\/\/www.beleristorante.com\/wp-content\/uploads\/2023\/10\/bele_favicon_black.webp","width":512,"height":512,"caption":"Ristorante Bel\u00e9"},"image":{"@id":"https:\/\/www.beleristorante.com\/#\/schema\/logo\/image\/"},"sameAs":["https:\/\/www.facebook.com\/beleristorante","https:\/\/www.instagram.com\/beleristorante"]}]}},"_links":{"self":[{"href":"https:\/\/www.beleristorante.com\/fr\/wp-json\/wp\/v2\/pages\/1746","targetHints":{"allow":["GET"]}}],"collection":[{"href":"https:\/\/www.beleristorante.com\/fr\/wp-json\/wp\/v2\/pages"}],"about":[{"href":"https:\/\/www.beleristorante.com\/fr\/wp-json\/wp\/v2\/types\/page"}],"author":[{"embeddable":true,"href":"https:\/\/www.beleristorante.com\/fr\/wp-json\/wp\/v2\/users\/2"}],"replies":[{"embeddable":true,"href":"https:\/\/www.beleristorante.com\/fr\/wp-json\/wp\/v2\/comments?post=1746"}],"version-history":[{"count":10,"href":"https:\/\/www.beleristorante.com\/fr\/wp-json\/wp\/v2\/pages\/1746\/revisions"}],"predecessor-version":[{"id":2805,"href":"https:\/\/www.beleristorante.com\/fr\/wp-json\/wp\/v2\/pages\/1746\/revisions\/2805"}],"wp:attachment":[{"href":"https:\/\/www.beleristorante.com\/fr\/wp-json\/wp\/v2\/media?parent=1746"}],"curies":[{"name":"wp","href":"https:\/\/api.w.org\/{rel}","templated":true}]}}