{"id":2667,"date":"2023-11-21T07:14:11","date_gmt":"2023-11-21T07:14:11","guid":{"rendered":"https:\/\/www.beleristorante.com\/?page_id=2667"},"modified":"2026-05-10T12:43:29","modified_gmt":"2026-05-10T12:43:29","slug":"ou-sommes","status":"publish","type":"page","link":"https:\/\/www.beleristorante.com\/fr\/dove\/","title":{"rendered":"O\u00f9 sommes nous"},"content":{"rendered":"<div class=\"fusion-fullwidth fullwidth-box fusion-builder-row-1 fusion-flex-container has-pattern-background has-mask-background nonhundred-percent-fullwidth non-hundred-percent-height-scrolling\" style=\"--awb-border-radius-top-left:0px;--awb-border-radius-top-right:0px;--awb-border-radius-bottom-right:0px;--awb-border-radius-bottom-left:0px;--awb-flex-wrap:wrap;\" ><div class=\"fusion-builder-row fusion-row fusion-flex-align-items-flex-start fusion-flex-content-wrap\" style=\"max-width:1185.6px;margin-left: calc(-4% \/ 2 );margin-right: calc(-4% \/ 2 );\"><div class=\"fusion-layout-column fusion_builder_column fusion-builder-column-0 fusion_builder_column_1_1 1_1 fusion-flex-column\" style=\"--awb-bg-size:cover;--awb-width-large:100%;--awb-margin-top-large:0px;--awb-spacing-right-large:1.92%;--awb-margin-bottom-large:0px;--awb-spacing-left-large:1.92%;--awb-width-medium:100%;--awb-order-medium:0;--awb-spacing-right-medium:1.92%;--awb-spacing-left-medium:1.92%;--awb-width-small:100%;--awb-order-small:0;--awb-spacing-right-small:1.92%;--awb-spacing-left-small:1.92%;\"><div class=\"fusion-column-wrapper fusion-column-has-shadow fusion-flex-justify-content-flex-start fusion-content-layout-column\"><div class=\"fusion-text fusion-text-1 fusion-text-no-margin\" style=\"--awb-margin-top:50px;--awb-margin-bottom:30px;\"><h3 class=\"widgettitle\" style=\"text-align: center;\">RISTORANTE BEL\u00c9<\/h3>\n<div class=\"textwidget custom-html-widget\" style=\"text-align: center;\">Via Fumagalli, 3 \u2013 20143 Milano<\/div>\n<div class=\"textwidget custom-html-widget\" style=\"text-align: center;\">Naviglio grande<br \/>\nTelefono:\u00a0<a href=\"tel:+390236642933\">+39 02 3664 2933<\/a><\/div>\n<\/div><div style=\"text-align:center;\"><a class=\"fusion-button button-flat fusion-button-default-size button-custom fusion-button-default button-1 fusion-button-default-span fusion-button-default-type\" style=\"--button_accent_color:var(--awb-color1);--button_accent_hover_color:var(--awb-color1);--button_border_hover_color:var(--awb-color4);--button-border-radius-top-left:0;--button-border-radius-top-right:0;--button-border-radius-bottom-right:0;--button-border-radius-bottom-left:0;--button_gradient_top_color:#701e3e;--button_gradient_bottom_color:#701e3e;--button_gradient_top_color_hover:#701e3e;--button_gradient_bottom_color_hover:#701e3e;--button_font_size:18px;--button_typography-font-family:&quot;Lato&quot;;--button_typography-font-style:normal;--button_typography-font-weight:400;--button_margin-top:30px;--button_margin-bottom:30px;\" target=\"_blank\" rel=\"noopener noreferrer\" href=\"https:\/\/www.google.com\/maps\/place\/Ristorante+Bel%C3%A9+Navigli\/@45.4501511,9.1701945,15z\/data=!4m6!3m5!1s0x4786c3fa81c4c837:0x64448822b7497b8!8m2!3d45.4501511!4d9.1701945!16s%2Fg%2F11hcdvddf9?entry=ttu\"><span class=\"fusion-button-text awb-button__text awb-button__text--default\">Apri in Google Maps<\/span><\/a><\/div>\t\t\t\t\t<script type=\"text\/javascript\">\n\t\t\t\t\t\tvar map_fusion_map_6a075a9c06246;\n\t\t\t\t\t\tvar markers = [];\n\t\t\t\t\t\tvar counter = 0;\n\t\t\t\t\t\t\t\t\t\t\t\t\t\t\t\t\t\t\t\tvar fusionMapNonce = '7906768054';\n\t\t\t\t\t\t\t\t\t\t\t\tfunction fusion_run_map_fusion_map_6a075a9c06246() {\n\t\t\t\t\t\t\tjQuery ('#fusion_map_6a075a9c06246' ).fusion_maps( {\n\t\t\t\t\t\t\t\taddresses: [{\"address\":\"Bel\\u00e9 ristorante Via Angelo Fumagalli, 3, 20143 Milano MI\",\"infobox_content\":\"Bel\\u00e9 ristorante Via Angelo Fumagalli, 3, 20143 Milano MI\",\"coordinates\":false,\"cache\":true,\"latitude\":\"45.4501511\",\"longitude\":\"9.1701945\"}],\n\t\t\t\t\t\t\t\tanimations: false,\n\t\t\t\t\t\t\t\tinfobox_background_color: '',\n\t\t\t\t\t\t\t\tinfobox_styling: 'default',\n\t\t\t\t\t\t\t\tinfobox_text_color: '',\n\t\t\t\t\t\t\t\tmap_style: 'default',\n\t\t\t\t\t\t\t\tmap_type: 'roadmap',\n\t\t\t\t\t\t\t\tmarker_icon: '',\n\t\t\t\t\t\t\t\toverlay_color: '',\n\t\t\t\t\t\t\t\toverlay_color_hsl: {\"hue\":0,\"sat\":0,\"lum\":100},\n\t\t\t\t\t\t\t\tshow_address: true,\n\t\t\t\t\t\t\t\tscale_control: true,\n\t\t\t\t\t\t\t\tscrollwheel: true,\n\t\t\t\t\t\t\t\tzoom: 14,\n\t\t\t\t\t\t\t\tzoom_control: true,\n\t\t\t\t\t\t\t} );\n\t\t\t\t\t\t}\n\n\t\t\t\t\t\tgoogle.maps.event.addDomListener(window, 'load', fusion_run_map_fusion_map_6a075a9c06246);\n\t\t\t\t\t<\/script>\n\t\t\t\t\t<div class=\"shortcode-map fusion-google-map fusion-maps-js-type\" style=\"--awb-margin-top:10;--awb-margin-bottom:10;\" id=\"fusion_map_6a075a9c06246\"><\/div><div style=\"text-align:center;\"><a class=\"fusion-button button-flat fusion-button-default-size button-custom fusion-button-default button-2 fusion-button-default-span fusion-button-default-type\" style=\"--button_accent_color:var(--awb-color1);--button_accent_hover_color:var(--awb-color1);--button_border_hover_color:var(--awb-color4);--button-border-radius-top-left:0;--button-border-radius-top-right:0;--button-border-radius-bottom-right:0;--button-border-radius-bottom-left:0;--button_gradient_top_color:#701e3e;--button_gradient_bottom_color:#701e3e;--button_gradient_top_color_hover:#701e3e;--button_gradient_bottom_color_hover:#701e3e;--button_font_size:18px;--button_typography-font-family:&quot;Lato&quot;;--button_typography-font-style:normal;--button_typography-font-weight:400;--button_margin-top:30px;--button_margin-bottom:30px;\" target=\"_self\" href=\"https:\/\/www.beleristorante.com\/prenotazioni\/\"><span class=\"fusion-button-text awb-button__text awb-button__text--default\">Prenota<\/span><\/a><\/div><\/div><\/div><\/div><\/div>\n","protected":false},"excerpt":{"rendered":"","protected":false},"author":5,"featured_media":0,"parent":0,"menu_order":0,"comment_status":"closed","ping_status":"closed","template":"","meta":{"footnotes":""},"class_list":["post-2667","page","type-page","status-publish","hentry"],"yoast_head":"<!-- This site is optimized with the Yoast SEO plugin v27.5 - https:\/\/yoast.com\/product\/yoast-seo-wordpress\/ -->\n<title>Dove siamo \u2014 Ristorante Bel\u00e9 Via Fumagalli 3, Navigli Milano<\/title>\n<meta name=\"description\" content=\"Il Ristorante Bel\u00e9 si trova in Via Fumagalli 3 ai Navigli, a pochi passi dal Naviglio Grande. Convenzione parcheggio con Art Hotel.\" \/>\n<meta name=\"robots\" content=\"index, follow, max-snippet:-1, max-image-preview:large, max-video-preview:-1\" \/>\n<link rel=\"canonical\" href=\"https:\/\/www.beleristorante.com\/fr\/ou-sommes\/\" \/>\n<meta property=\"og:locale\" content=\"fr_FR\" \/>\n<meta property=\"og:type\" content=\"article\" \/>\n<meta property=\"og:title\" content=\"Dove siamo \u2014 Ristorante Bel\u00e9 Via Fumagalli 3, Navigli Milano\" \/>\n<meta property=\"og:description\" content=\"Il Ristorante Bel\u00e9 si trova in Via Fumagalli 3 ai Navigli, a pochi passi dal Naviglio Grande. Convenzione parcheggio con Art Hotel.\" \/>\n<meta property=\"og:url\" content=\"https:\/\/www.beleristorante.com\/fr\/ou-sommes\/\" \/>\n<meta property=\"og:site_name\" content=\"Ristorante Bel\u00e9 Navigli\" \/>\n<meta property=\"article:publisher\" content=\"https:\/\/www.facebook.com\/beleristorante\" \/>\n<meta property=\"article:modified_time\" content=\"2026-05-10T12:43:29+00:00\" \/>\n<meta property=\"og:image\" content=\"https:\/\/www.beleristorante.com\/wp-content\/uploads\/2023\/11\/bele-1200x675-1.webp\" \/>\n\t<meta property=\"og:image:width\" content=\"1200\" \/>\n\t<meta property=\"og:image:height\" content=\"675\" \/>\n\t<meta property=\"og:image:type\" content=\"image\/webp\" \/>\n<meta name=\"twitter:card\" content=\"summary_large_image\" \/>\n<meta name=\"twitter:label1\" content=\"Dur\u00e9e de lecture estim\u00e9e\" \/>\n\t<meta name=\"twitter:data1\" content=\"1 minute\" \/>\n<!-- \/ Yoast SEO plugin. -->","yoast_head_json":{"title":"O\u00f9 sommes-nous \u2014 Restaurant Bel\u00e9, Via Fumagalli 3, Navigli, Milan","description":"Le restaurant Bel\u00e9 se trouve au 3, Via Fumagalli, dans le quartier des Navigli, \u00e0 deux pas du Naviglio Grande. Un parking est disponible \u00e0 l&#039;Art Hotel.","robots":{"index":"index","follow":"follow","max-snippet":"max-snippet:-1","max-image-preview":"max-image-preview:large","max-video-preview":"max-video-preview:-1"},"canonical":"https:\/\/www.beleristorante.com\/fr\/ou-sommes\/","og_locale":"fr_FR","og_type":"article","og_title":"Dove siamo \u2014 Ristorante Bel\u00e9 Via Fumagalli 3, Navigli Milano","og_description":"Il Ristorante Bel\u00e9 si trova in Via Fumagalli 3 ai Navigli, a pochi passi dal Naviglio Grande. Convenzione parcheggio con Art Hotel.","og_url":"https:\/\/www.beleristorante.com\/fr\/ou-sommes\/","og_site_name":"Ristorante Bel\u00e9 Navigli","article_publisher":"https:\/\/www.facebook.com\/beleristorante","article_modified_time":"2026-05-10T12:43:29+00:00","og_image":[{"width":1200,"height":675,"url":"https:\/\/www.beleristorante.com\/wp-content\/uploads\/2023\/11\/bele-1200x675-1.webp","type":"image\/webp"}],"twitter_card":"summary_large_image","twitter_misc":{"Dur\u00e9e de lecture estim\u00e9e":"1 minute"},"schema":{"@context":"https:\/\/schema.org","@graph":[{"@type":"WebPage","@id":"https:\/\/www.beleristorante.com\/dove\/","url":"https:\/\/www.beleristorante.com\/dove\/","name":"O\u00f9 sommes-nous \u2014 Restaurant Bel\u00e9, Via Fumagalli 3, Navigli, Milan","isPartOf":{"@id":"https:\/\/www.beleristorante.com\/#website"},"datePublished":"2023-11-21T07:14:11+00:00","dateModified":"2026-05-10T12:43:29+00:00","description":"Le restaurant Bel\u00e9 se trouve au 3, Via Fumagalli, dans le quartier des Navigli, \u00e0 deux pas du Naviglio Grande. Un parking est disponible \u00e0 l&#039;Art Hotel.","breadcrumb":{"@id":"https:\/\/www.beleristorante.com\/dove\/#breadcrumb"},"inLanguage":"fr-FR","potentialAction":[{"@type":"ReadAction","target":["https:\/\/www.beleristorante.com\/dove\/"]}]},{"@type":"BreadcrumbList","@id":"https:\/\/www.beleristorante.com\/dove\/#breadcrumb","itemListElement":[{"@type":"ListItem","position":1,"name":"Home","item":"https:\/\/www.beleristorante.com\/"},{"@type":"ListItem","position":2,"name":"Dove siamo"}]},{"@type":"WebSite","@id":"https:\/\/www.beleristorante.com\/#website","url":"https:\/\/www.beleristorante.com\/","name":"Restaurant Bel\u00e9 Navigli","description":"Restaurant Bel\u00e9 Navigli, Milan","publisher":{"@id":"https:\/\/www.beleristorante.com\/#organization"},"potentialAction":[{"@type":"SearchAction","target":{"@type":"EntryPoint","urlTemplate":"https:\/\/www.beleristorante.com\/?s={search_term_string}"},"query-input":{"@type":"PropertyValueSpecification","valueRequired":true,"valueName":"search_term_string"}}],"inLanguage":"fr-FR"},{"@type":"Organization","@id":"https:\/\/www.beleristorante.com\/#organization","name":"Restaurant Bel\u00e9","url":"https:\/\/www.beleristorante.com\/","logo":{"@type":"ImageObject","inLanguage":"fr-FR","@id":"https:\/\/www.beleristorante.com\/#\/schema\/logo\/image\/","url":"https:\/\/www.beleristorante.com\/wp-content\/uploads\/2023\/10\/bele_favicon_black.webp","contentUrl":"https:\/\/www.beleristorante.com\/wp-content\/uploads\/2023\/10\/bele_favicon_black.webp","width":512,"height":512,"caption":"Ristorante Bel\u00e9"},"image":{"@id":"https:\/\/www.beleristorante.com\/#\/schema\/logo\/image\/"},"sameAs":["https:\/\/www.facebook.com\/beleristorante","https:\/\/www.instagram.com\/beleristorante"]}]}},"_links":{"self":[{"href":"https:\/\/www.beleristorante.com\/fr\/wp-json\/wp\/v2\/pages\/2667","targetHints":{"allow":["GET"]}}],"collection":[{"href":"https:\/\/www.beleristorante.com\/fr\/wp-json\/wp\/v2\/pages"}],"about":[{"href":"https:\/\/www.beleristorante.com\/fr\/wp-json\/wp\/v2\/types\/page"}],"author":[{"embeddable":true,"href":"https:\/\/www.beleristorante.com\/fr\/wp-json\/wp\/v2\/users\/5"}],"replies":[{"embeddable":true,"href":"https:\/\/www.beleristorante.com\/fr\/wp-json\/wp\/v2\/comments?post=2667"}],"version-history":[{"count":11,"href":"https:\/\/www.beleristorante.com\/fr\/wp-json\/wp\/v2\/pages\/2667\/revisions"}],"predecessor-version":[{"id":3496,"href":"https:\/\/www.beleristorante.com\/fr\/wp-json\/wp\/v2\/pages\/2667\/revisions\/3496"}],"wp:attachment":[{"href":"https:\/\/www.beleristorante.com\/fr\/wp-json\/wp\/v2\/media?parent=2667"}],"curies":[{"name":"wp","href":"https:\/\/api.w.org\/{rel}","templated":true}]}}