{"id":40,"date":"2023-10-16T16:26:45","date_gmt":"2023-10-16T16:26:45","guid":{"rendered":"https:\/\/www.beleristorante.com\/?page_id=40"},"modified":"2025-11-12T12:18:31","modified_gmt":"2025-11-12T12:18:31","slug":"cartes-cadeaux","status":"publish","type":"page","link":"https:\/\/www.beleristorante.com\/fr\/gift-card\/","title":{"rendered":"Cartes-cadeaux"},"content":{"rendered":"<p><div class=\"fusion-fullwidth fullwidth-box fusion-builder-row-1 fusion-flex-container has-pattern-background has-mask-background fusion-parallax-none nonhundred-percent-fullwidth hundred-percent-height hundred-percent-height-center-content non-hundred-percent-height-scrolling fusion-no-small-visibility fusion-no-medium-visibility lazyload\" style=\"--awb-border-radius-top-left:0px;--awb-border-radius-top-right:0px;--awb-border-radius-bottom-right:0px;--awb-border-radius-bottom-left:0px;--awb-padding-top:20%;--awb-padding-bottom:20%;--awb-background-size:cover;--awb-flex-wrap:wrap;\" data-bg=\"https:\/\/www.beleristorante.com\/wp-content\/uploads\/2023\/11\/gift-card-1920x1080-01.png.webp\" ><div class=\"fusion-builder-row fusion-row fusion-flex-align-items-flex-start fusion-flex-content-wrap\" style=\"max-width:1185.6px;margin-left: calc(-4% \/ 2 );margin-right: calc(-4% \/ 2 );\"><div class=\"fusion-layout-column fusion_builder_column fusion-builder-column-0 fusion_builder_column_1_1 1_1 fusion-flex-column\" style=\"--awb-bg-size:cover;--awb-width-large:100%;--awb-margin-top-large:0px;--awb-spacing-right-large:1.92%;--awb-margin-bottom-large:0px;--awb-spacing-left-large:1.92%;--awb-width-medium:100%;--awb-order-medium:0;--awb-spacing-right-medium:1.92%;--awb-spacing-left-medium:1.92%;--awb-width-small:100%;--awb-order-small:0;--awb-spacing-right-small:1.92%;--awb-spacing-left-small:1.92%;\"><div class=\"fusion-column-wrapper fusion-column-has-shadow fusion-flex-justify-content-flex-start fusion-content-layout-column\"><\/div><\/div><\/div><\/div><div class=\"fusion-fullwidth fullwidth-box fusion-builder-row-2 fusion-flex-container has-pattern-background has-mask-background fusion-parallax-none nonhundred-percent-fullwidth hundred-percent-height hundred-percent-height-center-content non-hundred-percent-height-scrolling fusion-no-small-visibility fusion-no-large-visibility lazyload\" style=\"--awb-border-radius-top-left:0px;--awb-border-radius-top-right:0px;--awb-border-radius-bottom-right:0px;--awb-border-radius-bottom-left:0px;--awb-padding-top:20%;--awb-padding-bottom:20%;--awb-background-size:cover;--awb-flex-wrap:wrap;\" data-bg=\"https:\/\/www.beleristorante.com\/wp-content\/uploads\/2023\/11\/foto-gift-card-778x96011.png.webp\" ><div class=\"fusion-builder-row fusion-row fusion-flex-align-items-flex-start fusion-flex-content-wrap\" style=\"max-width:1185.6px;margin-left: calc(-4% \/ 2 );margin-right: calc(-4% \/ 2 );\"><div class=\"fusion-layout-column fusion_builder_column fusion-builder-column-1 fusion_builder_column_1_1 1_1 fusion-flex-column\" style=\"--awb-bg-size:cover;--awb-width-large:100%;--awb-margin-top-large:0px;--awb-spacing-right-large:1.92%;--awb-margin-bottom-large:0px;--awb-spacing-left-large:1.92%;--awb-width-medium:100%;--awb-order-medium:0;--awb-spacing-right-medium:1.92%;--awb-spacing-left-medium:1.92%;--awb-width-small:100%;--awb-order-small:0;--awb-spacing-right-small:1.92%;--awb-spacing-left-small:1.92%;\"><div class=\"fusion-column-wrapper fusion-column-has-shadow fusion-flex-justify-content-flex-start fusion-content-layout-column\"><\/div><\/div><\/div><\/div><div class=\"fusion-fullwidth fullwidth-box fusion-builder-row-3 fusion-flex-container has-pattern-background has-mask-background fusion-parallax-none nonhundred-percent-fullwidth hundred-percent-height hundred-percent-height-center-content non-hundred-percent-height-scrolling fusion-no-medium-visibility fusion-no-large-visibility lazyload\" style=\"--awb-border-radius-top-left:0px;--awb-border-radius-top-right:0px;--awb-border-radius-bottom-right:0px;--awb-border-radius-bottom-left:0px;--awb-padding-top:20%;--awb-padding-bottom:20%;--awb-padding-top-small:339.6375px;--awb-margin-top-small:0px;--awb-background-size:cover;--awb-flex-wrap:wrap;\" data-bg=\"https:\/\/www.beleristorante.com\/wp-content\/uploads\/2023\/11\/foto-gift-card-480x72011.png.webp\" ><div class=\"fusion-builder-row fusion-row fusion-flex-align-items-flex-start fusion-flex-content-wrap\" style=\"max-width:1185.6px;margin-left: calc(-4% \/ 2 );margin-right: calc(-4% \/ 2 );\"><div class=\"fusion-layout-column fusion_builder_column fusion-builder-column-2 fusion_builder_column_1_1 1_1 fusion-flex-column\" style=\"--awb-bg-size:cover;--awb-width-large:100%;--awb-margin-top-large:0px;--awb-spacing-right-large:1.92%;--awb-margin-bottom-large:0px;--awb-spacing-left-large:1.92%;--awb-width-medium:100%;--awb-order-medium:0;--awb-spacing-right-medium:1.92%;--awb-spacing-left-medium:1.92%;--awb-width-small:100%;--awb-order-small:0;--awb-spacing-right-small:1.92%;--awb-spacing-left-small:1.92%;\"><div class=\"fusion-column-wrapper fusion-column-has-shadow fusion-flex-justify-content-flex-start fusion-content-layout-column\"><\/div><\/div><\/div><\/div><div class=\"fusion-fullwidth fullwidth-box fusion-builder-row-4 fusion-flex-container has-pattern-background has-mask-background nonhundred-percent-fullwidth non-hundred-percent-height-scrolling\" style=\"--awb-border-radius-top-left:0px;--awb-border-radius-top-right:0px;--awb-border-radius-bottom-right:0px;--awb-border-radius-bottom-left:0px;--awb-padding-top:3%;--awb-padding-bottom:3%;--awb-margin-top:0px;--awb-margin-bottom:20px;--awb-background-color:#eeeeee;--awb-flex-wrap:wrap;\" ><div class=\"fusion-builder-row fusion-row fusion-flex-align-items-flex-start fusion-flex-content-wrap\" style=\"max-width:1185.6px;margin-left: calc(-4% \/ 2 );margin-right: calc(-4% \/ 2 );\"><div class=\"fusion-layout-column fusion_builder_column fusion-builder-column-3 fusion_builder_column_1_1 1_1 fusion-flex-column\" style=\"--awb-bg-size:cover;--awb-width-large:100%;--awb-margin-top-large:0px;--awb-spacing-right-large:1.92%;--awb-margin-bottom-large:0px;--awb-spacing-left-large:1.92%;--awb-width-medium:100%;--awb-order-medium:0;--awb-spacing-right-medium:1.92%;--awb-spacing-left-medium:1.92%;--awb-width-small:100%;--awb-order-small:0;--awb-spacing-right-small:1.92%;--awb-spacing-left-small:1.92%;\"><div class=\"fusion-column-wrapper fusion-column-has-shadow fusion-flex-justify-content-flex-start fusion-content-layout-column\"><div class=\"fusion-title title fusion-title-1 fusion-sep-none fusion-title-center fusion-title-text fusion-title-size-two\" style=\"--awb-text-color:#701e3e;--awb-margin-top-small:30px;--awb-margin-right-small:0px;--awb-margin-bottom-small:20px;--awb-margin-left-small:0px;--awb-font-size:45px;\"><h2 class=\"fusion-title-heading title-heading-center fusion-responsive-typography-calculated\" style=\"font-family:&quot;Prata&quot;;font-style:normal;font-weight:400;margin:0;font-size:1em;--fontSize:45;line-height:var(--awb-typography1-line-height);\"><h1 style=\"text-align: center;\">OFFRIR UN D\u00ceNER EN CADEAU<\/h1><\/h2><\/div><div class=\"fusion-text fusion-text-1\" style=\"--awb-content-alignment:center;\"><h2 class=\"fusion-responsive-typography-calculated\" style=\"text-align: center; --fontsize:  30; line-height: 1.2; --fontSize: 30;\" data-fontsize=\"30\" data-lineheight=\"36px\">Cartes-cadeaux<\/h2>\n<p style=\"text-align: center;\"><span style=\"color: var(--awb-text-color); font-family: var(--awb-text-font-family); font-size: var(--awb-font-size); font-style: var(--awb-text-font-style); letter-spacing: var(--awb-letter-spacing); text-align: var(--awb-content-alignment); text-transform: var(--awb-text-transform); background-color: var(--awb-bg-color-hover);\">Surprenez vos proches avec un cadeau qui respire l&#039;\u00e9motion, la saveur et la convivialit\u00e9.<\/span><\/p>\n<p style=\"text-align: center;\"><span style=\"color: var(--awb-text-color); font-family: var(--awb-text-font-family); font-size: var(--awb-font-size); font-style: var(--awb-text-font-style); letter-spacing: var(--awb-letter-spacing); text-align: var(--awb-content-alignment); text-transform: var(--awb-text-transform); background-color: var(--awb-bg-color-hover);\">Avec les cartes-cadeaux Bel\u00e9, vous n&#039;offrez pas seulement un d\u00eener : vous offrez une exp\u00e9rience sensorielle, un voyage \u00e0 travers des saveurs authentiques, des ingr\u00e9dients de saison et de la cr\u00e9ativit\u00e9.<\/span><\/p>\n<p>Choisissez le montant de votre choix et offrez au destinataire la magie d&#039;un d\u00e9jeuner ou d&#039;un d\u00eener dans notre restaurant, dans une ambiance chaleureuse et raffin\u00e9e.<\/p>\n<p><span style=\"color: var(--awb-text-color); font-family: var(--awb-text-font-family); font-size: var(--awb-font-size); font-style: var(--awb-text-font-style); letter-spacing: var(--awb-letter-spacing); text-align: var(--awb-content-alignment); text-transform: var(--awb-text-transform); background-color: var(--awb-bg-color-hover);\">Une id\u00e9e parfaite pour toutes les occasions : anniversaires, f\u00eates, ou simplement pour dire \u00ab Je pense \u00e0 toi \u00bb d&#039;une mani\u00e8re sp\u00e9ciale.<\/span><\/p>\n<h2 class=\"fusion-responsive-typography-calculated\" style=\"text-align: center; --fontsize:  30; line-height: 1.2; --fontSize: 30;\" data-fontsize=\"30\" data-lineheight=\"36px\">Les typologies<\/h2>\n<p style=\"text-align: center;\"><span style=\"font-size: 16px;\">Vous avez le choix entre trois d\u00e9gustations:<\/span><\/p>\n<p style=\"text-align: center;\"><em>Essentiel<\/em>, qui comprend 3 plats et un accord mets et vins ;<br \/>\n<em>Sup\u00e9rieur<\/em>, qui comprend 4 plats et un accord mets et vins ;<br \/>\n<em>Full Experience<\/em>,<span class=\"Apple-converted-space\"> l\u00e0 <\/span>Menu d\u00e9gustation complet en 7 services avec accord mets et vins.<\/p>\n<p style=\"text-align: center;\">Dans le cas des deux premi\u00e8res options, les clients pourront choisir les plats qu'ils pr\u00e9f\u00e8rent dans le menu actuel \u00e0 la carte ; cependant, pour la d\u00e9gustation Full Experience, le parcourx est \u00e9labor\u00e9 specialement par le chef afin de garantir une exp\u00e9rience harmonieuse et bien calibr\u00e9e (des variantes du menu sont autoris\u00e9es en cas d'allergies et d'intol\u00e9rances).<br \/>\nPour les trois options, nos sommeliers se chargeront de la s\u00e9lection des vins d'accompagnement, chacun diff\u00e9rent etadapt\u00e8 \u00e0 chaque service.<\/p>\n<h2 class=\"fusion-responsive-typography-calculated\" style=\"text-align: center; --fontsize:  30; line-height: 1.2; --fontSize: 30;\" data-fontsize=\"30\" data-lineheight=\"36px\">Mode d&#039;emploi<\/h2>\n<p style=\"text-align: center;\">Chaque carte cadeau est valable six mois \u00e0 compter de l&#039;achat. Sur chaque bon il y a un code qui doit \u00eatre communiqu\u00e9 \u00e0 notre personnel au moment de l&#039;achat <a href=\"https:\/\/www.beleristorante.com\/fr\/reservations\/\">r\u00e9servation<\/a>.<br \/>\nUne fois la commande termin\u00e9e, la nous enverrons la carte cadeau en format \u00e9lectronique.<br \/>\nVous pouvez demander la carte en format papier, en nous contactant et en prenant rendez-vous pour la r\u00e9cup\u00e9rer au restaurant.<br \/>\nPour plus d'informations ou demandes sp\u00e9cifiques,  appelez nous ou <a href=\"\/fr\/infobeleristorante-com\/\">\u00e9crivez-nous<\/a>.<\/p>\n<\/div><\/div><\/div><\/div><\/div><div class=\"fusion-fullwidth fullwidth-box fusion-builder-row-5 fusion-flex-container has-pattern-background has-mask-background nonhundred-percent-fullwidth non-hundred-percent-height-scrolling\" style=\"--awb-border-radius-top-left:0px;--awb-border-radius-top-right:0px;--awb-border-radius-bottom-right:0px;--awb-border-radius-bottom-left:0px;--awb-padding-top:0px;--awb-padding-right:2%;--awb-padding-bottom:0px;--awb-padding-left:2%;--awb-flex-wrap:wrap;\" ><div class=\"fusion-builder-row fusion-row fusion-flex-align-items-flex-start fusion-flex-content-wrap\" style=\"max-width:1185.6px;margin-left: calc(-4% \/ 2 );margin-right: calc(-4% \/ 2 );\"><div class=\"fusion-layout-column fusion_builder_column fusion-builder-column-4 fusion_builder_column_1_1 1_1 fusion-flex-column\" style=\"--awb-bg-blend:overlay;--awb-bg-size:cover;--awb-width-large:100%;--awb-margin-top-large:0px;--awb-spacing-right-large:0%;--awb-margin-bottom-large:0px;--awb-spacing-left-large:0%;--awb-width-medium:100%;--awb-order-medium:0;--awb-spacing-right-medium:1.92%;--awb-spacing-left-medium:1.92%;--awb-width-small:100%;--awb-order-small:0;--awb-spacing-right-small:1.92%;--awb-spacing-left-small:1.92%;\" data-scroll-devices=\"small-visibility,medium-visibility,large-visibility\"><div class=\"fusion-column-wrapper fusion-column-has-shadow fusion-flex-justify-content-flex-start fusion-content-layout-column\"><div class=\"fusion-title title fusion-title-2 fusion-sep-none fusion-title-center fusion-title-text fusion-title-size-two\" style=\"--awb-text-color:#701e3e;--awb-margin-top:10px;--awb-margin-bottom:10px;--awb-margin-top-small:10px;--awb-margin-right-small:0px;--awb-margin-bottom-small:10px;--awb-margin-left-small:0px;--awb-sep-color:#eeeeee;--awb-font-size:35px;\"><h2 class=\"fusion-title-heading title-heading-center fusion-responsive-typography-calculated\" style=\"font-family:&quot;Prata&quot;;font-style:normal;font-weight:400;margin:0;font-size:1em;--fontSize:35;line-height:var(--awb-typography1-line-height);\">NOS CARTES CADEAUX<\/h2><\/div><div class=\"fusion-text fusion-text-2 fusion-text-no-margin\" style=\"--awb-margin-top:0px;--awb-margin-right:2%;--awb-margin-bottom:0px;--awb-margin-left:0px;\"><div class=\"wcopc\"><\/div>\n<\/div><\/div><\/div><\/div><\/div><\/p>","protected":false},"excerpt":{"rendered":"","protected":false},"author":1,"featured_media":0,"parent":0,"menu_order":0,"comment_status":"closed","ping_status":"closed","template":"100-width.php","meta":{"footnotes":""},"class_list":["post-40","page","type-page","status-publish","hentry"],"yoast_head":"<!-- This site is optimized with the Yoast SEO plugin v27.1.1 - https:\/\/yoast.com\/product\/yoast-seo-wordpress\/ -->\n<title>Gift Card - Ristorante Bel\u00e9 Navigli<\/title>\n<meta name=\"description\" content=\"Il regalo perfetto per un&#039;esperienza indimenticabile. Acquista le nostre gift card scegliendo il taglio che preferisci.\" \/>\n<meta name=\"robots\" content=\"index, follow, max-snippet:-1, max-image-preview:large, max-video-preview:-1\" \/>\n<link rel=\"canonical\" href=\"https:\/\/www.beleristorante.com\/fr\/cartes-cadeaux\/\" \/>\n<meta property=\"og:locale\" content=\"fr_FR\" \/>\n<meta property=\"og:type\" content=\"article\" \/>\n<meta property=\"og:title\" content=\"Gift Card - Ristorante Bel\u00e9 Navigli\" \/>\n<meta property=\"og:description\" content=\"Il regalo perfetto per un&#039;esperienza indimenticabile. Acquista le nostre gift card scegliendo il taglio che preferisci.\" \/>\n<meta property=\"og:url\" content=\"https:\/\/www.beleristorante.com\/fr\/cartes-cadeaux\/\" \/>\n<meta property=\"og:site_name\" content=\"Ristorante Bel\u00e9 Navigli\" \/>\n<meta property=\"article:publisher\" content=\"https:\/\/www.facebook.com\/beleristorante\" \/>\n<meta property=\"article:modified_time\" content=\"2025-11-12T12:18:31+00:00\" \/>\n<meta property=\"og:image\" content=\"https:\/\/www.beleristorante.com\/wp-content\/uploads\/2023\/11\/bele-1200x675-1.webp\" \/>\n\t<meta property=\"og:image:width\" content=\"1200\" \/>\n\t<meta property=\"og:image:height\" content=\"675\" \/>\n\t<meta property=\"og:image:type\" content=\"image\/webp\" \/>\n<meta name=\"twitter:card\" content=\"summary_large_image\" \/>\n<meta name=\"twitter:label1\" content=\"Dur\u00e9e de lecture estim\u00e9e\" \/>\n\t<meta name=\"twitter:data1\" content=\"2 minutes\" \/>\n<script type=\"application\/ld+json\" class=\"yoast-schema-graph\">{\"@context\":\"https:\/\/schema.org\",\"@graph\":[{\"@type\":\"WebPage\",\"@id\":\"https:\/\/www.beleristorante.com\/gift-card\/\",\"url\":\"https:\/\/www.beleristorante.com\/gift-card\/\",\"name\":\"Gift Card - Ristorante Bel\u00e9 Navigli\",\"isPartOf\":{\"@id\":\"https:\/\/www.beleristorante.com\/#website\"},\"datePublished\":\"2023-10-16T16:26:45+00:00\",\"dateModified\":\"2025-11-12T12:18:31+00:00\",\"description\":\"Il regalo perfetto per un'esperienza indimenticabile. Acquista le nostre gift card scegliendo il taglio che preferisci.\",\"breadcrumb\":{\"@id\":\"https:\/\/www.beleristorante.com\/gift-card\/#breadcrumb\"},\"inLanguage\":\"fr-FR\",\"potentialAction\":[{\"@type\":\"ReadAction\",\"target\":[\"https:\/\/www.beleristorante.com\/gift-card\/\"]}]},{\"@type\":\"BreadcrumbList\",\"@id\":\"https:\/\/www.beleristorante.com\/gift-card\/#breadcrumb\",\"itemListElement\":[{\"@type\":\"ListItem\",\"position\":1,\"name\":\"Home\",\"item\":\"https:\/\/www.beleristorante.com\/\"},{\"@type\":\"ListItem\",\"position\":2,\"name\":\"Gift Card\"}]},{\"@type\":\"WebSite\",\"@id\":\"https:\/\/www.beleristorante.com\/#website\",\"url\":\"https:\/\/www.beleristorante.com\/\",\"name\":\"Ristorante Bel\u00e9 Navigli\",\"description\":\"Ristorante Bel\u00e9 Navigli, Milano\",\"publisher\":{\"@id\":\"https:\/\/www.beleristorante.com\/#organization\"},\"potentialAction\":[{\"@type\":\"SearchAction\",\"target\":{\"@type\":\"EntryPoint\",\"urlTemplate\":\"https:\/\/www.beleristorante.com\/?s={search_term_string}\"},\"query-input\":{\"@type\":\"PropertyValueSpecification\",\"valueRequired\":true,\"valueName\":\"search_term_string\"}}],\"inLanguage\":\"fr-FR\"},{\"@type\":\"Organization\",\"@id\":\"https:\/\/www.beleristorante.com\/#organization\",\"name\":\"Ristorante Bel\u00e9\",\"url\":\"https:\/\/www.beleristorante.com\/\",\"logo\":{\"@type\":\"ImageObject\",\"inLanguage\":\"fr-FR\",\"@id\":\"https:\/\/www.beleristorante.com\/#\/schema\/logo\/image\/\",\"url\":\"https:\/\/www.beleristorante.com\/wp-content\/uploads\/2023\/10\/bele_favicon_black.webp\",\"contentUrl\":\"https:\/\/www.beleristorante.com\/wp-content\/uploads\/2023\/10\/bele_favicon_black.webp\",\"width\":512,\"height\":512,\"caption\":\"Ristorante Bel\u00e9\"},\"image\":{\"@id\":\"https:\/\/www.beleristorante.com\/#\/schema\/logo\/image\/\"},\"sameAs\":[\"https:\/\/www.facebook.com\/beleristorante\",\"https:\/\/www.instagram.com\/beleristorante\"]}]}<\/script>\n<!-- \/ Yoast SEO plugin. -->","yoast_head_json":{"title":"Carte Cadeau - Restaurant Bel\u00e9 Navigli","description":"Le cadeau parfait pour une exp\u00e9rience inoubliable. Achetez nos cartes cadeaux en choisissant la d\u00e9nomination que vous pr\u00e9f\u00e9rez.","robots":{"index":"index","follow":"follow","max-snippet":"max-snippet:-1","max-image-preview":"max-image-preview:large","max-video-preview":"max-video-preview:-1"},"canonical":"https:\/\/www.beleristorante.com\/fr\/cartes-cadeaux\/","og_locale":"fr_FR","og_type":"article","og_title":"Gift Card - Ristorante Bel\u00e9 Navigli","og_description":"Il regalo perfetto per un'esperienza indimenticabile. Acquista le nostre gift card scegliendo il taglio che preferisci.","og_url":"https:\/\/www.beleristorante.com\/fr\/cartes-cadeaux\/","og_site_name":"Ristorante Bel\u00e9 Navigli","article_publisher":"https:\/\/www.facebook.com\/beleristorante","article_modified_time":"2025-11-12T12:18:31+00:00","og_image":[{"width":1200,"height":675,"url":"https:\/\/www.beleristorante.com\/wp-content\/uploads\/2023\/11\/bele-1200x675-1.webp","type":"image\/webp"}],"twitter_card":"summary_large_image","twitter_misc":{"Dur\u00e9e de lecture estim\u00e9e":"2 minutes"},"schema":{"@context":"https:\/\/schema.org","@graph":[{"@type":"WebPage","@id":"https:\/\/www.beleristorante.com\/gift-card\/","url":"https:\/\/www.beleristorante.com\/gift-card\/","name":"Carte Cadeau - Restaurant Bel\u00e9 Navigli","isPartOf":{"@id":"https:\/\/www.beleristorante.com\/#website"},"datePublished":"2023-10-16T16:26:45+00:00","dateModified":"2025-11-12T12:18:31+00:00","description":"Le cadeau parfait pour une exp\u00e9rience inoubliable. Achetez nos cartes cadeaux en choisissant la d\u00e9nomination que vous pr\u00e9f\u00e9rez.","breadcrumb":{"@id":"https:\/\/www.beleristorante.com\/gift-card\/#breadcrumb"},"inLanguage":"fr-FR","potentialAction":[{"@type":"ReadAction","target":["https:\/\/www.beleristorante.com\/gift-card\/"]}]},{"@type":"BreadcrumbList","@id":"https:\/\/www.beleristorante.com\/gift-card\/#breadcrumb","itemListElement":[{"@type":"ListItem","position":1,"name":"Home","item":"https:\/\/www.beleristorante.com\/"},{"@type":"ListItem","position":2,"name":"Gift Card"}]},{"@type":"WebSite","@id":"https:\/\/www.beleristorante.com\/#website","url":"https:\/\/www.beleristorante.com\/","name":"Restaurant Bel\u00e9 Navigli","description":"Restaurant Bel\u00e9 Navigli, Milan","publisher":{"@id":"https:\/\/www.beleristorante.com\/#organization"},"potentialAction":[{"@type":"SearchAction","target":{"@type":"EntryPoint","urlTemplate":"https:\/\/www.beleristorante.com\/?s={search_term_string}"},"query-input":{"@type":"PropertyValueSpecification","valueRequired":true,"valueName":"search_term_string"}}],"inLanguage":"fr-FR"},{"@type":"Organization","@id":"https:\/\/www.beleristorante.com\/#organization","name":"Restaurant Bel\u00e9","url":"https:\/\/www.beleristorante.com\/","logo":{"@type":"ImageObject","inLanguage":"fr-FR","@id":"https:\/\/www.beleristorante.com\/#\/schema\/logo\/image\/","url":"https:\/\/www.beleristorante.com\/wp-content\/uploads\/2023\/10\/bele_favicon_black.webp","contentUrl":"https:\/\/www.beleristorante.com\/wp-content\/uploads\/2023\/10\/bele_favicon_black.webp","width":512,"height":512,"caption":"Ristorante Bel\u00e9"},"image":{"@id":"https:\/\/www.beleristorante.com\/#\/schema\/logo\/image\/"},"sameAs":["https:\/\/www.facebook.com\/beleristorante","https:\/\/www.instagram.com\/beleristorante"]}]}},"_links":{"self":[{"href":"https:\/\/www.beleristorante.com\/fr\/wp-json\/wp\/v2\/pages\/40","targetHints":{"allow":["GET"]}}],"collection":[{"href":"https:\/\/www.beleristorante.com\/fr\/wp-json\/wp\/v2\/pages"}],"about":[{"href":"https:\/\/www.beleristorante.com\/fr\/wp-json\/wp\/v2\/types\/page"}],"author":[{"embeddable":true,"href":"https:\/\/www.beleristorante.com\/fr\/wp-json\/wp\/v2\/users\/1"}],"replies":[{"embeddable":true,"href":"https:\/\/www.beleristorante.com\/fr\/wp-json\/wp\/v2\/comments?post=40"}],"version-history":[{"count":12,"href":"https:\/\/www.beleristorante.com\/fr\/wp-json\/wp\/v2\/pages\/40\/revisions"}],"predecessor-version":[{"id":3366,"href":"https:\/\/www.beleristorante.com\/fr\/wp-json\/wp\/v2\/pages\/40\/revisions\/3366"}],"wp:attachment":[{"href":"https:\/\/www.beleristorante.com\/fr\/wp-json\/wp\/v2\/media?parent=40"}],"curies":[{"name":"wp","href":"https:\/\/api.w.org\/{rel}","templated":true}]}}